{"id":864,"date":"2024-05-22T07:49:56","date_gmt":"2024-05-22T07:49:56","guid":{"rendered":"https:\/\/www.lauratheunissen.com\/?post_type=product&#038;p=864"},"modified":"2025-08-23T19:37:05","modified_gmt":"2025-08-23T19:37:05","slug":"laes-lieer-en-lach","status":"publish","type":"product","link":"https:\/\/www.lauratheunissen.com\/nl\/product\/laes-lieer-en-lach\/","title":{"rendered":"Laes, lie\u00ebr en lach"},"content":{"rendered":"\r\n<p style=\"font-weight: 400;\">Herman Theunissen (*1946, Slek) wirkdje ruum 9 jaor es vriewilliger bie Lokale \u00d3mroop Ech-Z\u00f6stere (LOES). Op vriedigaovendj prissenteerdje hae &#8217;n aantal jaore Weekend Sport en op z\u00f3ndigm\u00f6rge drejde hae mit versjillende collega&#8217;s plaetjes op verzeuk. Op goonsdigaovendj goof &#8217;t ummer Herman&#8217;s Tirolerexpress. Behalve op sjoane meziek trakteerdje Herman zien loesterie\u00ebrs ouch ummer op &#8216;ne &#8216;Spr\u00e4\u00f6k van de waek&#8217;, dae aan de handj van &#8217;n verhaol ge\u00efntroduceerdj waerdje. \u00d3nger aanmoediging van dochter Laura z\u00f3ch Herman 52 van zien sjoanste verhaole oet, zoadet ger &#8217;n jaor lank edere waek &#8217;n nuuj verhaol mit &#8216;ne zelfbedachdje spreuk k\u00e8ntj laeze. M\u00f3ge dit book uch ammesere en mesjiens ouch waal inspire. Op 78 j\u00e4\u00f6rige laeftied nog &#8217;n book oetbr\u00e8nge, det geitj! Of wie Herman &#8217;t zoe z\u00e8gke: &#8220;Alles geitj, allein &#8216;ne kwekker neet, dae sprungtj.&#8221;\u00a0<\/p>\r\n\r\n\r\n\r\n<p>&nbsp;<\/p>\r\n\r\n\r\n\r\n<p>&nbsp;<\/p>\r\n\r\n\r\n\r\n<figure class=\"wp-block-audio\"><\/figure>\r\n\r\n\r\n\r\n<p>&nbsp;<\/p>\r\n","protected":false},"excerpt":{"rendered":"<p>Herman Theunissen (*1946, Slek) wirkdje ruum 9 jaor es vriewilliger bie Lokale \u00d3mroop Ech-Z\u00f6stere (LOES). Op vriedigaovendj prissenteerdje hae &#8217;n aantal jaore Weekend Sport en op z\u00f3ndigm\u00f6rge drejde hae mit versjillende collega&#8217;s plaetjes op verzeuk. Op goonsdigaovendj goof &#8217;t ummer Herman&#8217;s Tirolerexpress. Behalve op sjoane meziek trakteerdje Herman zien loesterie\u00ebrs ouch ummer op &#8216;ne &#8216;Spr\u00e4\u00f6k &hellip; <\/p>\n","protected":false},"featured_media":893,"template":"","meta":[],"product_brand":[],"product_cat":[36],"product_tag":[],"class_list":{"0":"post-864","1":"product","2":"type-product","3":"status-publish","4":"has-post-thumbnail","6":"product_cat-verhalenboek","7":"product_shipping_class-boeken","9":"first","10":"instock","11":"shipping-taxable","12":"purchasable","13":"product-type-simple"},"yoast_head":"<!-- This site is optimized with the Yoast SEO plugin v27.3 - https:\/\/yoast.com\/product\/yoast-seo-wordpress\/ -->\n<title>Laes, lie\u00ebr en lach - Laura Theunissen<\/title>\n<meta name=\"robots\" content=\"index, follow, max-snippet:-1, max-image-preview:large, max-video-preview:-1\" \/>\n<link rel=\"canonical\" href=\"https:\/\/www.lauratheunissen.com\/product\/laes-lieer-en-lach\/\" \/>\n<meta property=\"og:locale\" content=\"nl_NL\" \/>\n<meta property=\"og:type\" content=\"article\" \/>\n<meta property=\"og:title\" content=\"Laes, lie\u00ebr en lach - Laura Theunissen\" \/>\n<meta property=\"og:description\" content=\"Herman Theunissen (*1946, Slek) wirkdje ruum 9 jaor es vriewilliger bie Lokale \u00d3mroop Ech-Z\u00f6stere (LOES). Op vriedigaovendj prissenteerdje hae &#8217;n aantal jaore Weekend Sport en op z\u00f3ndigm\u00f6rge drejde hae mit versjillende collega&#8217;s plaetjes op verzeuk. Op goonsdigaovendj goof &#8217;t ummer Herman&#8217;s Tirolerexpress. Behalve op sjoane meziek trakteerdje Herman zien loesterie\u00ebrs ouch ummer op &#8216;ne &#8216;Spr\u00e4\u00f6k &hellip;\" \/>\n<meta property=\"og:url\" content=\"https:\/\/www.lauratheunissen.com\/product\/laes-lieer-en-lach\/\" \/>\n<meta property=\"og:site_name\" content=\"Laura Theunissen\" \/>\n<meta property=\"article:publisher\" content=\"https:\/\/www.facebook.com\/profile.php?id=100079153264932\" \/>\n<meta property=\"article:modified_time\" content=\"2025-08-23T19:37:05+00:00\" \/>\n<meta property=\"og:image\" content=\"https:\/\/www.lauratheunissen.com\/wp-content\/uploads\/2024\/05\/drukproef-kaft-14-1.png\" \/>\n\t<meta property=\"og:image:width\" content=\"675\" \/>\n\t<meta property=\"og:image:height\" content=\"1080\" \/>\n\t<meta property=\"og:image:type\" content=\"image\/png\" \/>\n<meta name=\"twitter:card\" content=\"summary_large_image\" \/>\n<meta name=\"twitter:label1\" content=\"Geschatte leestijd\" \/>\n\t<meta name=\"twitter:data1\" content=\"1 minuut\" \/>\n<script type=\"application\/ld+json\" class=\"yoast-schema-graph\">{\"@context\":\"https:\\\/\\\/schema.org\",\"@graph\":[{\"@type\":\"WebPage\",\"@id\":\"https:\\\/\\\/www.lauratheunissen.com\\\/product\\\/laes-lieer-en-lach\\\/\",\"url\":\"https:\\\/\\\/www.lauratheunissen.com\\\/product\\\/laes-lieer-en-lach\\\/\",\"name\":\"Laes, lie\u00ebr en lach - Laura Theunissen\",\"isPartOf\":{\"@id\":\"https:\\\/\\\/www.lauratheunissen.com\\\/#website\"},\"primaryImageOfPage\":{\"@id\":\"https:\\\/\\\/www.lauratheunissen.com\\\/product\\\/laes-lieer-en-lach\\\/#primaryimage\"},\"image\":{\"@id\":\"https:\\\/\\\/www.lauratheunissen.com\\\/product\\\/laes-lieer-en-lach\\\/#primaryimage\"},\"thumbnailUrl\":\"https:\\\/\\\/www.lauratheunissen.com\\\/wp-content\\\/uploads\\\/2024\\\/05\\\/drukproef-kaft-14-1.png\",\"datePublished\":\"2024-05-22T07:49:56+00:00\",\"dateModified\":\"2025-08-23T19:37:05+00:00\",\"breadcrumb\":{\"@id\":\"https:\\\/\\\/www.lauratheunissen.com\\\/product\\\/laes-lieer-en-lach\\\/#breadcrumb\"},\"inLanguage\":\"nl-NL\",\"potentialAction\":[{\"@type\":\"ReadAction\",\"target\":[\"https:\\\/\\\/www.lauratheunissen.com\\\/product\\\/laes-lieer-en-lach\\\/\"]}]},{\"@type\":\"ImageObject\",\"inLanguage\":\"nl-NL\",\"@id\":\"https:\\\/\\\/www.lauratheunissen.com\\\/product\\\/laes-lieer-en-lach\\\/#primaryimage\",\"url\":\"https:\\\/\\\/www.lauratheunissen.com\\\/wp-content\\\/uploads\\\/2024\\\/05\\\/drukproef-kaft-14-1.png\",\"contentUrl\":\"https:\\\/\\\/www.lauratheunissen.com\\\/wp-content\\\/uploads\\\/2024\\\/05\\\/drukproef-kaft-14-1.png\",\"width\":675,\"height\":1080},{\"@type\":\"BreadcrumbList\",\"@id\":\"https:\\\/\\\/www.lauratheunissen.com\\\/product\\\/laes-lieer-en-lach\\\/#breadcrumb\",\"itemListElement\":[{\"@type\":\"ListItem\",\"position\":1,\"name\":\"Home\",\"item\":\"https:\\\/\\\/www.lauratheunissen.com\\\/nl\\\/over-laura\\\/\"},{\"@type\":\"ListItem\",\"position\":2,\"name\":\"Webshop\",\"item\":\"https:\\\/\\\/www.lauratheunissen.com\\\/nl\\\/winkel-2\\\/\"},{\"@type\":\"ListItem\",\"position\":3,\"name\":\"Laes, lie\u00ebr en lach\"}]},{\"@type\":\"WebSite\",\"@id\":\"https:\\\/\\\/www.lauratheunissen.com\\\/#website\",\"url\":\"https:\\\/\\\/www.lauratheunissen.com\\\/\",\"name\":\"Laura Theunissen\",\"description\":\"Limburgse gedichskes \u00f3nger &#039;t motto: &#039;Van mich veur dich&#039;\",\"potentialAction\":[{\"@type\":\"SearchAction\",\"target\":{\"@type\":\"EntryPoint\",\"urlTemplate\":\"https:\\\/\\\/www.lauratheunissen.com\\\/?s={search_term_string}\"},\"query-input\":{\"@type\":\"PropertyValueSpecification\",\"valueRequired\":true,\"valueName\":\"search_term_string\"}}],\"inLanguage\":\"nl-NL\"}]}<\/script>\n<!-- \/ Yoast SEO plugin. -->","yoast_head_json":{"title":"Laes, lie\u00ebr en lach - Laura Theunissen","robots":{"index":"index","follow":"follow","max-snippet":"max-snippet:-1","max-image-preview":"max-image-preview:large","max-video-preview":"max-video-preview:-1"},"canonical":"https:\/\/www.lauratheunissen.com\/product\/laes-lieer-en-lach\/","og_locale":"nl_NL","og_type":"article","og_title":"Laes, lie\u00ebr en lach - Laura Theunissen","og_description":"Herman Theunissen (*1946, Slek) wirkdje ruum 9 jaor es vriewilliger bie Lokale \u00d3mroop Ech-Z\u00f6stere (LOES). Op vriedigaovendj prissenteerdje hae &#8217;n aantal jaore Weekend Sport en op z\u00f3ndigm\u00f6rge drejde hae mit versjillende collega&#8217;s plaetjes op verzeuk. Op goonsdigaovendj goof &#8217;t ummer Herman&#8217;s Tirolerexpress. Behalve op sjoane meziek trakteerdje Herman zien loesterie\u00ebrs ouch ummer op &#8216;ne &#8216;Spr\u00e4\u00f6k &hellip;","og_url":"https:\/\/www.lauratheunissen.com\/product\/laes-lieer-en-lach\/","og_site_name":"Laura Theunissen","article_publisher":"https:\/\/www.facebook.com\/profile.php?id=100079153264932","article_modified_time":"2025-08-23T19:37:05+00:00","og_image":[{"width":675,"height":1080,"url":"https:\/\/www.lauratheunissen.com\/wp-content\/uploads\/2024\/05\/drukproef-kaft-14-1.png","type":"image\/png"}],"twitter_card":"summary_large_image","twitter_misc":{"Geschatte leestijd":"1 minuut"},"schema":{"@context":"https:\/\/schema.org","@graph":[{"@type":"WebPage","@id":"https:\/\/www.lauratheunissen.com\/product\/laes-lieer-en-lach\/","url":"https:\/\/www.lauratheunissen.com\/product\/laes-lieer-en-lach\/","name":"Laes, lie\u00ebr en lach - Laura Theunissen","isPartOf":{"@id":"https:\/\/www.lauratheunissen.com\/#website"},"primaryImageOfPage":{"@id":"https:\/\/www.lauratheunissen.com\/product\/laes-lieer-en-lach\/#primaryimage"},"image":{"@id":"https:\/\/www.lauratheunissen.com\/product\/laes-lieer-en-lach\/#primaryimage"},"thumbnailUrl":"https:\/\/www.lauratheunissen.com\/wp-content\/uploads\/2024\/05\/drukproef-kaft-14-1.png","datePublished":"2024-05-22T07:49:56+00:00","dateModified":"2025-08-23T19:37:05+00:00","breadcrumb":{"@id":"https:\/\/www.lauratheunissen.com\/product\/laes-lieer-en-lach\/#breadcrumb"},"inLanguage":"nl-NL","potentialAction":[{"@type":"ReadAction","target":["https:\/\/www.lauratheunissen.com\/product\/laes-lieer-en-lach\/"]}]},{"@type":"ImageObject","inLanguage":"nl-NL","@id":"https:\/\/www.lauratheunissen.com\/product\/laes-lieer-en-lach\/#primaryimage","url":"https:\/\/www.lauratheunissen.com\/wp-content\/uploads\/2024\/05\/drukproef-kaft-14-1.png","contentUrl":"https:\/\/www.lauratheunissen.com\/wp-content\/uploads\/2024\/05\/drukproef-kaft-14-1.png","width":675,"height":1080},{"@type":"BreadcrumbList","@id":"https:\/\/www.lauratheunissen.com\/product\/laes-lieer-en-lach\/#breadcrumb","itemListElement":[{"@type":"ListItem","position":1,"name":"Home","item":"https:\/\/www.lauratheunissen.com\/nl\/over-laura\/"},{"@type":"ListItem","position":2,"name":"Webshop","item":"https:\/\/www.lauratheunissen.com\/nl\/winkel-2\/"},{"@type":"ListItem","position":3,"name":"Laes, lie\u00ebr en lach"}]},{"@type":"WebSite","@id":"https:\/\/www.lauratheunissen.com\/#website","url":"https:\/\/www.lauratheunissen.com\/","name":"Laura Theunissen","description":"Limburgse gedichskes \u00f3nger &#039;t motto: &#039;Van mich veur dich&#039;","potentialAction":[{"@type":"SearchAction","target":{"@type":"EntryPoint","urlTemplate":"https:\/\/www.lauratheunissen.com\/?s={search_term_string}"},"query-input":{"@type":"PropertyValueSpecification","valueRequired":true,"valueName":"search_term_string"}}],"inLanguage":"nl-NL"}]}},"_links":{"self":[{"href":"https:\/\/www.lauratheunissen.com\/nl\/wp-json\/wp\/v2\/product\/864","targetHints":{"allow":["GET"]}}],"collection":[{"href":"https:\/\/www.lauratheunissen.com\/nl\/wp-json\/wp\/v2\/product"}],"about":[{"href":"https:\/\/www.lauratheunissen.com\/nl\/wp-json\/wp\/v2\/types\/product"}],"wp:featuredmedia":[{"embeddable":true,"href":"https:\/\/www.lauratheunissen.com\/nl\/wp-json\/wp\/v2\/media\/893"}],"wp:attachment":[{"href":"https:\/\/www.lauratheunissen.com\/nl\/wp-json\/wp\/v2\/media?parent=864"}],"wp:term":[{"taxonomy":"product_brand","embeddable":true,"href":"https:\/\/www.lauratheunissen.com\/nl\/wp-json\/wp\/v2\/product_brand?post=864"},{"taxonomy":"product_cat","embeddable":true,"href":"https:\/\/www.lauratheunissen.com\/nl\/wp-json\/wp\/v2\/product_cat?post=864"},{"taxonomy":"product_tag","embeddable":true,"href":"https:\/\/www.lauratheunissen.com\/nl\/wp-json\/wp\/v2\/product_tag?post=864"}],"curies":[{"name":"wp","href":"https:\/\/api.w.org\/{rel}","templated":true}]}}