{"id":811,"date":"2024-03-06T13:21:17","date_gmt":"2024-03-06T13:21:17","guid":{"rendered":"https:\/\/www.lauratheunissen.com\/?page_id=811"},"modified":"2025-10-03T17:42:59","modified_gmt":"2025-10-03T17:42:59","slug":"agenda","status":"publish","type":"page","link":"https:\/\/www.lauratheunissen.com\/nl\/agenda\/","title":{"rendered":"Agenda"},"content":{"rendered":"\n<p><strong>12 oktoaber<\/strong>:<em> Veurlaeze oet K\u00e8njerdichbunjel GEDICHSKES! <\/em>tiejes de Nationale Kinderboekenweek<br>\u00e9n aansloetend de m\u00e4\u00f6gelikheid \u00f3m same te dichte!<br><em>Locatie<\/em>: Boekhandel Dominicanen, Dominikanerkerstraat 1, Maastricht<br><em>Aanvang: <\/em>14.00 oer<\/p>\n\n\n\n<p>Klik hie veur mie\u00eb informatie: <a href=\"https:\/\/www.boekhandeldominicanen.nl\/evenementen\/laura-theunissen\">Laura Theunissen<\/a><br><\/p>\n\n\n\n<figure class=\"wp-block-image size-large is-resized\"><img loading=\"lazy\" decoding=\"async\" width=\"731\" height=\"1024\" src=\"https:\/\/www.lauratheunissen.com\/wp-content\/uploads\/2025\/10\/Dominicanen-Kinderboekenweek-731x1024.jpg\" alt=\"\" class=\"wp-image-1401\" style=\"width:auto;height:450px\" srcset=\"https:\/\/www.lauratheunissen.com\/wp-content\/uploads\/2025\/10\/Dominicanen-Kinderboekenweek-731x1024.jpg 731w, https:\/\/www.lauratheunissen.com\/wp-content\/uploads\/2025\/10\/Dominicanen-Kinderboekenweek-214x300.jpg 214w, https:\/\/www.lauratheunissen.com\/wp-content\/uploads\/2025\/10\/Dominicanen-Kinderboekenweek-768x1076.jpg 768w, https:\/\/www.lauratheunissen.com\/wp-content\/uploads\/2025\/10\/Dominicanen-Kinderboekenweek-600x840.jpg 600w, https:\/\/www.lauratheunissen.com\/wp-content\/uploads\/2025\/10\/Dominicanen-Kinderboekenweek.jpg 771w\" sizes=\"auto, (max-width: 731px) 100vw, 731px\" \/><\/figure>\n\n\n\n<p><strong>12 oktober<\/strong>:<em> <\/em>KINDERBOEKENWEEK MAASTRICHT &#8216;VOL AVONTUUR&#8217;<br><em>Interactief voorlezen uit GEDICHSKES! en eventueel aansluitend gedichtjes schrijven<\/em><br><em>Locatie<\/em>: Boekhandel Dominicanen, Dominikanerkerkstraat 1, Maastricht.<br><em>Aanvang: <\/em>14.00 uur<\/p>\n","protected":false},"excerpt":{"rendered":"<p>12 oktoaber: Veurlaeze oet K\u00e8njerdichbunjel GEDICHSKES! tiejes de Nationale Kinderboekenweek\u00e9n aansloetend de m\u00e4\u00f6gelikheid \u00f3m same te dichte!Locatie: Boekhandel Dominicanen, Dominikanerkerstraat 1, MaastrichtAanvang: 14.00 oer Klik hie veur mie\u00eb informatie: Laura Theunissen 12 oktober: KINDERBOEKENWEEK MAASTRICHT &#8216;VOL AVONTUUR&#8217;Interactief voorlezen uit GEDICHSKES! en eventueel aansluitend gedichtjes schrijvenLocatie: Boekhandel Dominicanen, Dominikanerkerkstraat 1, Maastricht.Aanvang: 14.00 uur<\/p>\n","protected":false},"author":1,"featured_media":0,"parent":0,"menu_order":0,"comment_status":"closed","ping_status":"closed","template":"","meta":{"footnotes":""},"class_list":["post-811","page","type-page","status-publish","hentry"],"yoast_head":"<!-- This site is optimized with the Yoast SEO plugin v27.3 - https:\/\/yoast.com\/product\/yoast-seo-wordpress\/ -->\n<title>Agenda - Laura Theunissen<\/title>\n<meta name=\"robots\" content=\"index, follow, max-snippet:-1, max-image-preview:large, max-video-preview:-1\" \/>\n<link rel=\"canonical\" href=\"https:\/\/www.lauratheunissen.com\/nl\/agenda\/\" \/>\n<meta property=\"og:locale\" content=\"nl_NL\" \/>\n<meta property=\"og:type\" content=\"article\" \/>\n<meta property=\"og:title\" content=\"Agenda - Laura Theunissen\" \/>\n<meta property=\"og:description\" content=\"12 oktoaber: Veurlaeze oet K\u00e8njerdichbunjel GEDICHSKES! tiejes de Nationale Kinderboekenweek\u00e9n aansloetend de m\u00e4\u00f6gelikheid \u00f3m same te dichte!Locatie: Boekhandel Dominicanen, Dominikanerkerstraat 1, MaastrichtAanvang: 14.00 oer Klik hie veur mie\u00eb informatie: Laura Theunissen 12 oktober: KINDERBOEKENWEEK MAASTRICHT &#8216;VOL AVONTUUR&#8217;Interactief voorlezen uit GEDICHSKES! en eventueel aansluitend gedichtjes schrijvenLocatie: Boekhandel Dominicanen, Dominikanerkerkstraat 1, Maastricht.Aanvang: 14.00 uur\" \/>\n<meta property=\"og:url\" content=\"https:\/\/www.lauratheunissen.com\/nl\/agenda\/\" \/>\n<meta property=\"og:site_name\" content=\"Laura Theunissen\" \/>\n<meta property=\"article:publisher\" content=\"https:\/\/www.facebook.com\/profile.php?id=100079153264932\" \/>\n<meta property=\"article:modified_time\" content=\"2025-10-03T17:42:59+00:00\" \/>\n<meta property=\"og:image\" content=\"https:\/\/www.lauratheunissen.com\/wp-content\/uploads\/2025\/10\/Dominicanen-Kinderboekenweek.jpg\" \/>\n\t<meta property=\"og:image:width\" content=\"771\" \/>\n\t<meta property=\"og:image:height\" content=\"1080\" \/>\n\t<meta property=\"og:image:type\" content=\"image\/jpeg\" \/>\n<meta name=\"twitter:card\" content=\"summary_large_image\" \/>\n<meta name=\"twitter:label1\" content=\"Geschatte leestijd\" \/>\n\t<meta name=\"twitter:data1\" content=\"1 minuut\" \/>\n<script type=\"application\/ld+json\" class=\"yoast-schema-graph\">{\"@context\":\"https:\\\/\\\/schema.org\",\"@graph\":[{\"@type\":\"WebPage\",\"@id\":\"https:\\\/\\\/www.lauratheunissen.com\\\/nl\\\/agenda\\\/\",\"url\":\"https:\\\/\\\/www.lauratheunissen.com\\\/nl\\\/agenda\\\/\",\"name\":\"Agenda - Laura Theunissen\",\"isPartOf\":{\"@id\":\"https:\\\/\\\/www.lauratheunissen.com\\\/#website\"},\"primaryImageOfPage\":{\"@id\":\"https:\\\/\\\/www.lauratheunissen.com\\\/nl\\\/agenda\\\/#primaryimage\"},\"image\":{\"@id\":\"https:\\\/\\\/www.lauratheunissen.com\\\/nl\\\/agenda\\\/#primaryimage\"},\"thumbnailUrl\":\"https:\\\/\\\/www.lauratheunissen.com\\\/wp-content\\\/uploads\\\/2025\\\/10\\\/Dominicanen-Kinderboekenweek-731x1024.jpg\",\"datePublished\":\"2024-03-06T13:21:17+00:00\",\"dateModified\":\"2025-10-03T17:42:59+00:00\",\"breadcrumb\":{\"@id\":\"https:\\\/\\\/www.lauratheunissen.com\\\/nl\\\/agenda\\\/#breadcrumb\"},\"inLanguage\":\"nl-NL\",\"potentialAction\":[{\"@type\":\"ReadAction\",\"target\":[\"https:\\\/\\\/www.lauratheunissen.com\\\/nl\\\/agenda\\\/\"]}]},{\"@type\":\"ImageObject\",\"inLanguage\":\"nl-NL\",\"@id\":\"https:\\\/\\\/www.lauratheunissen.com\\\/nl\\\/agenda\\\/#primaryimage\",\"url\":\"https:\\\/\\\/www.lauratheunissen.com\\\/wp-content\\\/uploads\\\/2025\\\/10\\\/Dominicanen-Kinderboekenweek-731x1024.jpg\",\"contentUrl\":\"https:\\\/\\\/www.lauratheunissen.com\\\/wp-content\\\/uploads\\\/2025\\\/10\\\/Dominicanen-Kinderboekenweek-731x1024.jpg\"},{\"@type\":\"BreadcrumbList\",\"@id\":\"https:\\\/\\\/www.lauratheunissen.com\\\/nl\\\/agenda\\\/#breadcrumb\",\"itemListElement\":[{\"@type\":\"ListItem\",\"position\":1,\"name\":\"Home\",\"item\":\"https:\\\/\\\/www.lauratheunissen.com\\\/nl\\\/over-laura\\\/\"},{\"@type\":\"ListItem\",\"position\":2,\"name\":\"Agenda\"}]},{\"@type\":\"WebSite\",\"@id\":\"https:\\\/\\\/www.lauratheunissen.com\\\/#website\",\"url\":\"https:\\\/\\\/www.lauratheunissen.com\\\/\",\"name\":\"Laura Theunissen\",\"description\":\"Limburgse gedichskes \u00f3nger &#039;t motto: &#039;Van mich veur dich&#039;\",\"potentialAction\":[{\"@type\":\"SearchAction\",\"target\":{\"@type\":\"EntryPoint\",\"urlTemplate\":\"https:\\\/\\\/www.lauratheunissen.com\\\/?s={search_term_string}\"},\"query-input\":{\"@type\":\"PropertyValueSpecification\",\"valueRequired\":true,\"valueName\":\"search_term_string\"}}],\"inLanguage\":\"nl-NL\"}]}<\/script>\n<!-- \/ Yoast SEO plugin. -->","yoast_head_json":{"title":"Agenda - Laura Theunissen","robots":{"index":"index","follow":"follow","max-snippet":"max-snippet:-1","max-image-preview":"max-image-preview:large","max-video-preview":"max-video-preview:-1"},"canonical":"https:\/\/www.lauratheunissen.com\/nl\/agenda\/","og_locale":"nl_NL","og_type":"article","og_title":"Agenda - Laura Theunissen","og_description":"12 oktoaber: Veurlaeze oet K\u00e8njerdichbunjel GEDICHSKES! tiejes de Nationale Kinderboekenweek\u00e9n aansloetend de m\u00e4\u00f6gelikheid \u00f3m same te dichte!Locatie: Boekhandel Dominicanen, Dominikanerkerstraat 1, MaastrichtAanvang: 14.00 oer Klik hie veur mie\u00eb informatie: Laura Theunissen 12 oktober: KINDERBOEKENWEEK MAASTRICHT &#8216;VOL AVONTUUR&#8217;Interactief voorlezen uit GEDICHSKES! en eventueel aansluitend gedichtjes schrijvenLocatie: Boekhandel Dominicanen, Dominikanerkerkstraat 1, Maastricht.Aanvang: 14.00 uur","og_url":"https:\/\/www.lauratheunissen.com\/nl\/agenda\/","og_site_name":"Laura Theunissen","article_publisher":"https:\/\/www.facebook.com\/profile.php?id=100079153264932","article_modified_time":"2025-10-03T17:42:59+00:00","og_image":[{"width":771,"height":1080,"url":"https:\/\/www.lauratheunissen.com\/wp-content\/uploads\/2025\/10\/Dominicanen-Kinderboekenweek.jpg","type":"image\/jpeg"}],"twitter_card":"summary_large_image","twitter_misc":{"Geschatte leestijd":"1 minuut"},"schema":{"@context":"https:\/\/schema.org","@graph":[{"@type":"WebPage","@id":"https:\/\/www.lauratheunissen.com\/nl\/agenda\/","url":"https:\/\/www.lauratheunissen.com\/nl\/agenda\/","name":"Agenda - Laura Theunissen","isPartOf":{"@id":"https:\/\/www.lauratheunissen.com\/#website"},"primaryImageOfPage":{"@id":"https:\/\/www.lauratheunissen.com\/nl\/agenda\/#primaryimage"},"image":{"@id":"https:\/\/www.lauratheunissen.com\/nl\/agenda\/#primaryimage"},"thumbnailUrl":"https:\/\/www.lauratheunissen.com\/wp-content\/uploads\/2025\/10\/Dominicanen-Kinderboekenweek-731x1024.jpg","datePublished":"2024-03-06T13:21:17+00:00","dateModified":"2025-10-03T17:42:59+00:00","breadcrumb":{"@id":"https:\/\/www.lauratheunissen.com\/nl\/agenda\/#breadcrumb"},"inLanguage":"nl-NL","potentialAction":[{"@type":"ReadAction","target":["https:\/\/www.lauratheunissen.com\/nl\/agenda\/"]}]},{"@type":"ImageObject","inLanguage":"nl-NL","@id":"https:\/\/www.lauratheunissen.com\/nl\/agenda\/#primaryimage","url":"https:\/\/www.lauratheunissen.com\/wp-content\/uploads\/2025\/10\/Dominicanen-Kinderboekenweek-731x1024.jpg","contentUrl":"https:\/\/www.lauratheunissen.com\/wp-content\/uploads\/2025\/10\/Dominicanen-Kinderboekenweek-731x1024.jpg"},{"@type":"BreadcrumbList","@id":"https:\/\/www.lauratheunissen.com\/nl\/agenda\/#breadcrumb","itemListElement":[{"@type":"ListItem","position":1,"name":"Home","item":"https:\/\/www.lauratheunissen.com\/nl\/over-laura\/"},{"@type":"ListItem","position":2,"name":"Agenda"}]},{"@type":"WebSite","@id":"https:\/\/www.lauratheunissen.com\/#website","url":"https:\/\/www.lauratheunissen.com\/","name":"Laura Theunissen","description":"Limburgse gedichskes \u00f3nger &#039;t motto: &#039;Van mich veur dich&#039;","potentialAction":[{"@type":"SearchAction","target":{"@type":"EntryPoint","urlTemplate":"https:\/\/www.lauratheunissen.com\/?s={search_term_string}"},"query-input":{"@type":"PropertyValueSpecification","valueRequired":true,"valueName":"search_term_string"}}],"inLanguage":"nl-NL"}]}},"_links":{"self":[{"href":"https:\/\/www.lauratheunissen.com\/nl\/wp-json\/wp\/v2\/pages\/811","targetHints":{"allow":["GET"]}}],"collection":[{"href":"https:\/\/www.lauratheunissen.com\/nl\/wp-json\/wp\/v2\/pages"}],"about":[{"href":"https:\/\/www.lauratheunissen.com\/nl\/wp-json\/wp\/v2\/types\/page"}],"author":[{"embeddable":true,"href":"https:\/\/www.lauratheunissen.com\/nl\/wp-json\/wp\/v2\/users\/1"}],"replies":[{"embeddable":true,"href":"https:\/\/www.lauratheunissen.com\/nl\/wp-json\/wp\/v2\/comments?post=811"}],"version-history":[{"count":5,"href":"https:\/\/www.lauratheunissen.com\/nl\/wp-json\/wp\/v2\/pages\/811\/revisions"}],"predecessor-version":[{"id":1404,"href":"https:\/\/www.lauratheunissen.com\/nl\/wp-json\/wp\/v2\/pages\/811\/revisions\/1404"}],"wp:attachment":[{"href":"https:\/\/www.lauratheunissen.com\/nl\/wp-json\/wp\/v2\/media?parent=811"}],"curies":[{"name":"wp","href":"https:\/\/api.w.org\/{rel}","templated":true}]}}